{"id":2561,"date":"2018-09-17T09:02:53","date_gmt":"2018-09-17T06:02:53","guid":{"rendered":"https:\/\/77.245.159.40\/~ledabeachhotel\/bolge\/"},"modified":"2025-08-01T14:05:55","modified_gmt":"2025-08-01T11:05:55","slug":"bolge","status":"publish","type":"page","link":"https:\/\/ledabeachhotel.com\/tr\/bolge\/","title":{"rendered":"B\u00f6lge"},"content":{"rendered":"\t\t<div data-elementor-type=\"wp-page\" data-elementor-id=\"2561\" class=\"elementor elementor-2561 elementor-356\" data-elementor-post-type=\"page\">\n\t\t\t\t\t\t<section class=\"elementor-section elementor-top-section elementor-element elementor-element-fa0d078 elementor-section-full_width elementor-section-height-default elementor-section-height-default\" data-id=\"fa0d078\" data-element_type=\"section\">\n\t\t\t\t\t\t<div class=\"elementor-container elementor-column-gap-no\">\n\t\t\t\t\t<div class=\"elementor-column elementor-col-100 elementor-top-column elementor-element elementor-element-edb7df7\" data-id=\"edb7df7\" data-element_type=\"column\">\n\t\t\t<div class=\"elementor-widget-wrap elementor-element-populated\">\n\t\t\t\t\t\t<div class=\"elementor-element elementor-element-8f23b89 elementor-align-left elementor-widget elementor-widget-pages-header\" data-id=\"8f23b89\" data-element_type=\"widget\" data-widget_type=\"pages-header.default\">\n\t\t\t\t<div class=\"elementor-widget-container\">\n\t\t\t\t\t\r\n\t\t\t\t<section class=\"breadcrumb_area\" style=\"background: url(https:\/\/ledabeachhotel.com\/wp-content\/uploads\/2025\/07\/header-bg-contact.jpg) no-repeat scroll center;\r\n    \tbackground-size: cover;\">\r\n    \t        \t<div class=\"container\">\r\n        \t\t<div class=\"breadcrumb_text\">\r\n        \t\t\t        \t\t\t<h2>B\u00f6lge<\/h2>\r\n        \t\t\t        \t\t\t<div class=\"link\">\r\n        \t\t\t\t        \t\t\t\t<a class=\"active\" href=\"https:\/\/ledabeachhotel.com\/tr\/\">Ana Sayfa<\/a>\r\n        \t\t\t\t        \t\t\t\t        \t\t\t\t<a href=\"#\">B\u00f6lge<\/a>\r\n        \t\t\t\t        \t\t\t<\/div>\r\n        \t\t<\/div>\r\n        \t<\/div>\r\n        <\/section>\r\n\r\n\t\t\t\t\t<\/div>\n\t\t\t\t<\/div>\n\t\t\t\t\t<\/div>\n\t\t<\/div>\n\t\t\t\t\t<\/div>\n\t\t<\/section>\n\t\t<div class=\"elementor-element elementor-element-bea583e e-flex e-con-boxed e-con e-parent\" data-id=\"bea583e\" data-element_type=\"container\">\n\t\t\t\t\t<div class=\"e-con-inner\">\n\t\t<div class=\"elementor-element elementor-element-52f5a16 e-con-full e-flex e-con e-child\" data-id=\"52f5a16\" data-element_type=\"container\">\n\t\t\t\t<div class=\"elementor-element elementor-element-218bd85 elementor-widget elementor-widget-google_maps\" data-id=\"218bd85\" data-element_type=\"widget\" data-widget_type=\"google_maps.default\">\n\t\t\t\t<div class=\"elementor-widget-container\">\n\t\t\t\t\t\t\t<div class=\"elementor-custom-embed\">\n\t\t\t<iframe loading=\"lazy\"\n\t\t\t\t\tsrc=\"https:\/\/maps.google.com\/maps?q=Leda%20Beach%20Hotel&#038;t=m&#038;z=12&#038;output=embed&#038;iwloc=near\"\n\t\t\t\t\ttitle=\"Leda Beach Hotel\"\n\t\t\t\t\taria-label=\"Leda Beach Hotel\"\n\t\t\t><\/iframe>\n\t\t<\/div>\n\t\t\t\t\t\t<\/div>\n\t\t\t\t<\/div>\n\t\t\t\t<\/div>\n\t\t\t\t\t<\/div>\n\t\t\t\t<\/div>\n\t\t\t\t<section class=\"elementor-section elementor-top-section elementor-element elementor-element-9562927 elementor-section-full_width elementor-section-height-default elementor-section-height-default\" data-id=\"9562927\" data-element_type=\"section\">\n\t\t\t\t\t\t<div class=\"elementor-container elementor-column-gap-no\">\n\t\t\t\t\t<div class=\"elementor-column elementor-col-100 elementor-top-column elementor-element elementor-element-3a23544\" data-id=\"3a23544\" data-element_type=\"column\">\n\t\t\t<div class=\"elementor-widget-wrap elementor-element-populated\">\n\t\t\t\t\t\t<div class=\"elementor-element elementor-element-c175c52 elementor-align-left elementor-widget elementor-widget-home-5-about\" data-id=\"c175c52\" data-element_type=\"widget\" data-widget_type=\"home-5-about.default\">\n\t\t\t\t<div class=\"elementor-widget-container\">\n\t\t\t\t\t\r\n\t\t<section class=\"about_hotel_area p_100\">\r\n        \t<div class=\"container\">\r\n        \t\t<div class=\"row about_hotel_inner align-items-center d-flex\">\r\n        \t\t\t<div class=\"col-lg-8\">\r\n        \t\t\t\t<div class=\"ab_hotel_text\">\r\n        \t\t\t\t\t        \t\t\t\t\t<div class=\"main_title\">\r\n        \t\t\t\t\t\t<h2>Side Nerede?<\/h2>\r\n        \t\t\t\t\t<\/div>\r\n        \t\t\t\t\t        \t\t\t\t\t        \t\t\t\t\t<h5>Side, T\u00fcrkiye'nin g\u00fcney Akdeniz k\u0131y\u0131s\u0131nda, Antalya \u015fehrine sadece 75 kilometre uzakl\u0131kta yer almaktad\u0131r.<\/h5>\r\n        \t\t\t\t\t        \t\t\t\t\t        \t\t\t\t\t<p>Side, T\u00fcrkiye'nin ba\u015fl\u0131ca golf tesisi Belek'e ve \u00fcnl\u00fc Manavgat \u015felalelerinin bulundu\u011fu Manavgat il\u00e7esine kolayca ula\u015f\u0131labilir. Sahil \u015feridi kumludur ve i\u00e7 kesimlere do\u011fru sadece 5-10 dakika ara\u00e7la gidildi\u011finde pastoral k\u00f6yler bulunur. Eski \u015fehir merkezi, okyanusa do\u011fru uzanan kayal\u0131k bir burunda yer al\u0131r ve her iki tarafta \u00fc\u00e7 kilometre uzunlu\u011funda alt\u0131n rengi kumlar uzan\u0131r. Huzurlu plaj, k\u00fcrek \u00e7ekmeye uygun hale getirerek kademeli olarak uzan\u0131r. \u015eehir merkezinin kuzeyinde, b\u00fcy\u00fck bir antik tiyatro ve Antonius ile Kleopatra'n\u0131n bulu\u015ftu\u011fu yer olan bir hamam bulunur. \u015eehir merkezinin arkas\u0131nda, hem yerlilere hem de yabanc\u0131lara ev sahipli\u011fi yapan geni\u015f ve keyifli sokaklar Side'nin yerle\u015fim b\u00f6lgesini olu\u015fturur.<\/p>        \t\t\t\t\t        \t\t\t\t<\/div>\r\n        \t\t\t<\/div>\r\n        \t\t\t<div class=\"col-lg-4\">\r\n        \t\t\t\t        \t\t\t\t<div class=\"ab_hotel_img\">\r\n        \t\t\t\t\t<img decoding=\"async\" class=\"img-fluid\" src=\"https:\/\/ledabeachhotel.com\/wp-content\/uploads\/2025\/07\/side-turkey.jpg\" alt=\"\">\r\n        \t\t\t\t<\/div>\r\n        \t\t\t\t        \t\t\t<\/div>\r\n        \t\t<\/div>\r\n        \t<\/div>\r\n        <\/section>\r\n\r\n\t\t\t\t\t<\/div>\n\t\t\t\t<\/div>\n\t\t\t\t\t<\/div>\n\t\t<\/div>\n\t\t\t\t\t<\/div>\n\t\t<\/section>\n\t\t\t\t<section class=\"elementor-section elementor-top-section elementor-element elementor-element-be715ef elementor-section-full_width elementor-section-height-default elementor-section-height-default\" data-id=\"be715ef\" data-element_type=\"section\">\n\t\t\t\t\t\t<div class=\"elementor-container elementor-column-gap-no\">\n\t\t\t\t\t<div class=\"elementor-column elementor-col-100 elementor-top-column elementor-element elementor-element-b6100e6\" data-id=\"b6100e6\" data-element_type=\"column\">\n\t\t\t<div class=\"elementor-widget-wrap elementor-element-populated\">\n\t\t\t\t\t\t<div class=\"elementor-element elementor-element-22a848d elementor-align-left elementor-widget elementor-widget-pages-place\" data-id=\"22a848d\" data-element_type=\"widget\" data-widget_type=\"pages-place.default\">\n\t\t\t\t<div class=\"elementor-widget-container\">\n\t\t\t\t\t\r\n\t\t<section class=\"place_area p_100\">\r\n        \t<div class=\"container\">\r\n        \t\t<div class=\"row place_inner\">\r\n        \t\t\t<div class=\"col-lg-6\">\r\n        \t\t\t\t        \t\t\t\t<div class=\"place_text\">\r\n        \t\t\t\t\t<h6>Bu muhte\u015fem kal\u0131nt\u0131lar, K\u00fc\u00e7\u00fck Asya'n\u0131n en dikkat \u00e7ekici kal\u0131nt\u0131lar\u0131 aras\u0131ndad\u0131r. Anakaradan bir duvar ve hendekle ayr\u0131lan geni\u015f bir burnu kaplarlar. Arkeologlar, 1947'den beri Side'de kaz\u0131 \u00e7al\u0131\u015fmalar\u0131 y\u00fcr\u00fct\u00fcyor ve aral\u0131kl\u0131 olarak bu \u00e7al\u0131\u015fmalara devam ediyorlar.<\/h6>\r\n        \t\t\t\t<\/div>\r\n        \t\t\t\t        \t\t\t<\/div>\r\n        \t\t\t<div class=\"col-lg-6\">\r\n        \t\t\t\t        \t\t\t\t<div class=\"place_text\">\r\n        \t\t\t\t\t<p>2. y\u00fczy\u0131ldan kalma devasa tiyatro kompleksi, Aspendos'taki kadar iyi korunmam\u0131\u015f olsa da, 15.000-20.000 ki\u015filik kapasitesiyle neredeyse ayn\u0131 b\u00fcy\u00fckl\u00fcktedir. Bizans d\u00f6neminde (5. veya 6. y\u00fczy\u0131l) iki \u015fapeli bulunan bir a\u00e7\u0131k hava tap\u0131na\u011f\u0131na d\u00f6n\u00fc\u015ft\u00fcr\u00fclm\u00fc\u015ft\u00fcr.\n\n\u0130yi korunmu\u015f \u015fehir surlar\u0131, M\u00d6 2. y\u00fczy\u0131ldan kalma Helenistik ana kap\u0131dan (Megale Pyle) alana giri\u015f sa\u011flar.\n\nS\u00fctunlu caddede, kal\u0131nt\u0131lar\u0131 Roma hamamlar\u0131n\u0131n yak\u0131n\u0131nda g\u00f6r\u00fclebilen mermer s\u00fctunlar bulunur ve bu kap\u0131, Roma d\u00f6nemine ait heykel ve lahitlerin sergilendi\u011fi bir m\u00fcze olarak restore edilmi\u015ftir. Agora, merkezinde on iki s\u00fctunlu, peripteral planl\u0131 yuvarlak Tyche ve Fortuna tap\u0131na\u011f\u0131n\u0131n (M\u00d6 2. y\u00fczy\u0131l) kal\u0131nt\u0131lar\u0131n\u0131 bar\u0131nd\u0131r\u0131r. Daha sonraki d\u00f6nemlerde korsanlar\u0131n k\u00f6le satt\u0131\u011f\u0131 bir ticaret merkezi olarak kullan\u0131lm\u0131\u015ft\u0131r.\n\nErken Roma d\u00f6nemine ait Dionysos Tap\u0131na\u011f\u0131 tiyatronun yak\u0131n\u0131ndad\u0131r. Giri\u015fi s\u00fcsleyen \u00e7e\u015fme restore edilmi\u015ftir. Sol tarafta bir Bizans Bazilikas\u0131 bulunmaktad\u0131r.\n\nDi\u011fer yap\u0131lar aras\u0131nda \u00fc\u00e7 tap\u0131nak ve bir nymphaeum, \u00f6zenle tasarlanm\u0131\u015f bir ma\u011fara veya \u00e7e\u015fme binas\u0131 ve modern bir yerle\u015fim yerinin alt\u0131nda ke\u015ffedilen bir sinagog bulunmaktad\u0131r.<\/p>        \t\t\t\t<\/div>\r\n        \t\t\t\t        \t\t\t<\/div>\r\n        \t\t\t        \t\t\t<div class=\"col-sm-4\">\r\n        \t\t\t\t        \t\t\t\t<div class=\"place_img\"><img decoding=\"async\" class=\"img-fluid\" src=\"https:\/\/ledabeachhotel.com\/wp-content\/uploads\/2025\/07\/Side-Antalya-Turkey.jpg\" alt=\"\"><\/div>\r\n        \t\t\t\t        \t\t\t<\/div>\r\n        \t\t\t        \t\t\t<div class=\"col-sm-4\">\r\n        \t\t\t\t        \t\t\t\t<div class=\"place_img\"><img decoding=\"async\" class=\"img-fluid\" src=\"https:\/\/ledabeachhotel.com\/wp-content\/uploads\/2025\/07\/manavgat-selalesi-01.jpg\" alt=\"\"><\/div>\r\n        \t\t\t\t        \t\t\t<\/div>\r\n        \t\t\t        \t\t\t<div class=\"col-sm-4\">\r\n        \t\t\t\t        \t\t\t\t<div class=\"place_img\"><img decoding=\"async\" class=\"img-fluid\" src=\"https:\/\/ledabeachhotel.com\/wp-content\/uploads\/2025\/07\/aspendos.jpg\" alt=\"\"><\/div>\r\n        \t\t\t\t        \t\t\t<\/div>\r\n        \t\t\t        \t\t<\/div>\r\n        \t<\/div>\r\n        <\/section>\r\n\r\n\t\t\t\t\t<\/div>\n\t\t\t\t<\/div>\n\t\t<div class=\"elementor-element elementor-element-af60a04 e-flex e-con-boxed e-con e-parent\" data-id=\"af60a04\" data-element_type=\"container\">\n\t\t\t\t\t<div class=\"e-con-inner\">\n\t\t<div class=\"elementor-element elementor-element-dcf8d88 e-con-full e-flex e-con e-child\" data-id=\"dcf8d88\" data-element_type=\"container\">\n\t\t\t\t<div class=\"elementor-element elementor-element-d9dd1c6 elementor-widget elementor-widget-text-editor\" data-id=\"d9dd1c6\" data-element_type=\"widget\" data-widget_type=\"text-editor.default\">\n\t\t\t\t<div class=\"elementor-widget-container\">\n\t\t\t\t\t\t\t\t\t<table class=\"table table-bordered shop_table cart\">\n\n                                        <tbody>\n                                           \n                                            <tr class=\"cart_item\">\n                                                <td class=\"product-name\"><a href=\"#\">Havaalan\u0131<\/a><\/td>\n<td class=\"product-name\"><span class=\"amount\">Antalya (65 km.)<\/span><\/td>\n\t\t\t\t\t\t\t\t\t\t\t<\/tr>\n\t\t\t\t\t\t\t\t\t\t\t\n                                            <tr class=\"cart_item\">\n                                                <td class=\"product-name\"><a href=\"#\">En Yak\u0131n Yerle\u015fim Birimi<\/a><\/td>\n<td class=\"product-name\"><span class=\"amount\">Side (100 m.) Manavgat (8 km.)<\/span><\/td>\n\t\t\t\t\t\t\t\t\t\t\t<\/tr>\n\n                                            <tr class=\"cart_item\">\n                                                <td class=\"product-name\"><a href=\"#\">En Yak\u0131n \u0130l<\/a><\/td>\n<td class=\"product-name\"><span class=\"amount\">Antalya (75 km.)<\/span><\/td>\n\t\t\t\t\t\t\t\t\t\t\t<\/tr>\n\t\t\t\t\t\t\t\t\t\t\t\n                                            <tr class=\"cart_item\">\n                                                <td class=\"product-name\"><a href=\"#\">En Yak\u0131n Hastane<\/a><\/td>\n<td class=\"product-name\"><span class=\"amount\">Side (300 m.)<\/span><\/td>\n\t\t\t\t\t\t\t\t\t\t\t<\/tr>\n                                        \n                                            <tr class=\"cart_item\">\n                                                <td class=\"product-name\"><a href=\"#\">Ula\u015f\u0131m<\/a><\/td>\n<td class=\"product-name\"><span class=\"amount\">Otele 200m mesafede ki Side Garaj\u0131ndan Her 20dk.da bir Manavgat ve Antalya&#8217;ya giden, Minib\u00fcsler ve Otob\u00fcsler mevcuttur.<\/span><\/td>\n\t\t\t\t\t\t\t\t\t\t\t<\/tr>\n\t\t\t\t\t\t\t\t\t\t\t\n                                            <tr class=\"cart_item\">\n                                                <td class=\"product-name\"><a href=\"#\">Taksi<\/a><\/td>\n<td class=\"product-name\"><span class=\"amount\">Otelin \u00f6n\u00fcndeki taksi dura\u011f\u0131 24 saaat hizmet vermektedir.<\/span><\/td>\n\t\t\t\t\t\t\t\t\t\t\t<\/tr>\n\t\t\t\t\t\t\t\t\t\t\t\n                                        <\/tbody>\n                                    <\/table>\t\t\t\t\t\t\t\t<\/div>\n\t\t\t\t<\/div>\n\t\t\t\t<\/div>\n\t\t\t\t\t<\/div>\n\t\t\t\t<\/div>\n\t\t\t\t\t<\/div>\n\t\t<\/div>\n\t\t\t\t\t<\/div>\n\t\t<\/section>\n\t\t\t\t<\/div>\n\t\t","protected":false},"excerpt":{"rendered":"<p>B\u00f6lge Ana Sayfa B\u00f6lge Side Nerede? Side, T\u00fcrkiye&#8217;nin g\u00fcney Akdeniz k\u0131y\u0131s\u0131nda, Antalya \u015fehrine sadece 75 kilometre uzakl\u0131kta yer almaktad\u0131r. Side, T\u00fcrkiye&#8217;nin ba\u015fl\u0131ca golf tesisi Belek&#8217;e ve \u00fcnl\u00fc Manavgat \u015felalelerinin bulundu\u011fu Manavgat il\u00e7esine kolayca ula\u015f\u0131labilir. Sahil \u015feridi kumludur ve i\u00e7 kesimlere do\u011fru sadece 5-10 dakika ara\u00e7la gidildi\u011finde pastoral k\u00f6yler bulunur. Eski \u015fehir merkezi, okyanusa do\u011fru uzanan [&hellip;]<\/p>\n","protected":false},"author":1,"featured_media":0,"parent":0,"menu_order":0,"comment_status":"closed","ping_status":"closed","template":"page-templates\/home.php","meta":{"inline_featured_image":false,"footnotes":""},"class_list":["post-2561","page","type-page","status-publish","hentry"],"_links":{"self":[{"href":"https:\/\/ledabeachhotel.com\/tr\/wp-json\/wp\/v2\/pages\/2561","targetHints":{"allow":["GET"]}}],"collection":[{"href":"https:\/\/ledabeachhotel.com\/tr\/wp-json\/wp\/v2\/pages"}],"about":[{"href":"https:\/\/ledabeachhotel.com\/tr\/wp-json\/wp\/v2\/types\/page"}],"author":[{"embeddable":true,"href":"https:\/\/ledabeachhotel.com\/tr\/wp-json\/wp\/v2\/users\/1"}],"replies":[{"embeddable":true,"href":"https:\/\/ledabeachhotel.com\/tr\/wp-json\/wp\/v2\/comments?post=2561"}],"version-history":[{"count":11,"href":"https:\/\/ledabeachhotel.com\/tr\/wp-json\/wp\/v2\/pages\/2561\/revisions"}],"predecessor-version":[{"id":2939,"href":"https:\/\/ledabeachhotel.com\/tr\/wp-json\/wp\/v2\/pages\/2561\/revisions\/2939"}],"wp:attachment":[{"href":"https:\/\/ledabeachhotel.com\/tr\/wp-json\/wp\/v2\/media?parent=2561"}],"curies":[{"name":"wp","href":"https:\/\/api.w.org\/{rel}","templated":true}]}}