{"id":2503,"date":"2018-09-18T08:07:08","date_gmt":"2018-09-18T05:07:08","guid":{"rendered":"https:\/\/77.245.159.40\/~ledabeachhotel\/aktiviteler\/"},"modified":"2025-11-09T16:15:26","modified_gmt":"2025-11-09T13:15:26","slug":"aktiviteler","status":"publish","type":"page","link":"https:\/\/ledabeachhotel.com\/tr\/aktiviteler\/","title":{"rendered":"Aktiviteler"},"content":{"rendered":"\t\t<div data-elementor-type=\"wp-page\" data-elementor-id=\"2503\" class=\"elementor elementor-2503 elementor-391\" data-elementor-post-type=\"page\">\n\t\t\t\t\t\t<section class=\"elementor-section elementor-top-section elementor-element elementor-element-f3e3f7c elementor-section-full_width elementor-section-height-default elementor-section-height-default\" data-id=\"f3e3f7c\" data-element_type=\"section\">\n\t\t\t\t\t\t<div class=\"elementor-container elementor-column-gap-no\">\n\t\t\t\t\t<div class=\"elementor-column elementor-col-100 elementor-top-column elementor-element elementor-element-3eac2dd\" data-id=\"3eac2dd\" data-element_type=\"column\">\n\t\t\t<div class=\"elementor-widget-wrap elementor-element-populated\">\n\t\t\t\t\t\t<div class=\"elementor-element elementor-element-76e68c6 elementor-align-left elementor-widget elementor-widget-pages-header\" data-id=\"76e68c6\" data-element_type=\"widget\" data-widget_type=\"pages-header.default\">\n\t\t\t\t<div class=\"elementor-widget-container\">\n\t\t\t\t\t\r\n\t\t\t\t<section class=\"breadcrumb_area\" style=\"background: url(https:\/\/ledabeachhotel.com\/wp-content\/uploads\/2025\/07\/header-bg-contact.jpg) no-repeat scroll center;\r\n    \tbackground-size: cover;\">\r\n    \t        \t<div class=\"container\">\r\n        \t\t<div class=\"breadcrumb_text\">\r\n        \t\t\t        \t\t\t<h2>Aktiviteler<\/h2>\r\n        \t\t\t        \t\t\t<div class=\"link\">\r\n        \t\t\t\t        \t\t\t\t<a class=\"active\" href=\"https:\/\/ledabeachhotel.com\/tr\/\">Ana Sayfa<\/a>\r\n        \t\t\t\t        \t\t\t\t        \t\t\t\t<a href=\"#\">Aktiviteler<\/a>\r\n        \t\t\t\t        \t\t\t<\/div>\r\n        \t\t<\/div>\r\n        \t<\/div>\r\n        <\/section>\r\n\r\n\t\t\t\t\t<\/div>\n\t\t\t\t<\/div>\n\t\t\t\t\t<\/div>\n\t\t<\/div>\n\t\t\t\t\t<\/div>\n\t\t<\/section>\n\t\t\t\t<section class=\"elementor-section elementor-top-section elementor-element elementor-element-b34afbd elementor-section-full_width elementor-section-height-default elementor-section-height-default\" data-id=\"b34afbd\" data-element_type=\"section\">\n\t\t\t\t\t\t<div class=\"elementor-container elementor-column-gap-no\">\n\t\t\t\t\t<div class=\"elementor-column elementor-col-100 elementor-top-column elementor-element elementor-element-5b2818d\" data-id=\"5b2818d\" data-element_type=\"column\">\n\t\t\t<div class=\"elementor-widget-wrap elementor-element-populated\">\n\t\t\t\t\t\t<div class=\"elementor-element elementor-element-836db0d elementor-align-left elementor-widget elementor-widget-pages-about\" data-id=\"836db0d\" data-element_type=\"widget\" data-widget_type=\"pages-about.default\">\n\t\t\t\t<div class=\"elementor-widget-container\">\n\t\t\t\t\t\r\n\t\t<section class=\"about_restuarant_area p_100\">\r\n        \t<div class=\"container\">\r\n        \t\t<div class=\"row ab_res_inner\">\r\n        \t\t\t<div class=\"col-lg-8\">\r\n        \t\t\t\t<div class=\"ab_left\">\r\n        \t\t\t\t\t        \t\t\t\t\t<img decoding=\"async\" class=\"img-fluid\" src=\"https:\/\/ledabeachhotel.com\/wp-content\/uploads\/2025\/07\/activities-left.jpg\" alt=\"\">\r\n        \t\t\t\t\t        \t\t\t\t\t<div class=\"main_title\">\r\n        \t\t\t\t\t\t        \t\t\t\t\t\t<h2>Aktiviteler<\/h2>\r\n        \t\t\t\t\t\t        \t\t\t\t\t\t        \t\t\t\t\t\t        \t\t\t\t\t<\/div>\r\n        \t\t\t\t<\/div>\r\n        \t\t\t<\/div>\r\n        \t\t\t<div class=\"col-lg-4\">\r\n        \t\t\t\t<div class=\"ab_right\">\r\n        \t\t\t\t\t        \t\t\t\t\t<img decoding=\"async\" class=\"img-fluid\" src=\"https:\/\/ledabeachhotel.com\/wp-content\/uploads\/2025\/07\/activities-right.jpg\" alt=\"\">\r\n        \t\t\t\t\t        \t\t\t\t\t        \t\t\t\t\t        \t\t\t\t<\/div>\r\n        \t\t\t<\/div>\r\n        \t\t<\/div>\r\n        \t<\/div>\r\n        <\/section>\r\n\r\n\t\t\t\t\t<\/div>\n\t\t\t\t<\/div>\n\t\t<div class=\"elementor-element elementor-element-7624255 e-flex e-con-boxed e-con e-parent\" data-id=\"7624255\" data-element_type=\"container\">\n\t\t\t\t\t<div class=\"e-con-inner\">\n\t\t\t\t<div class=\"elementor-element elementor-element-1ac421d elementor-widget elementor-widget-text-editor\" data-id=\"1ac421d\" data-element_type=\"widget\" data-widget_type=\"text-editor.default\">\n\t\t\t\t<div class=\"elementor-widget-container\">\n\t\t\t\t\t\t\t\t\t<table class=\"table table-bordered shop_table cart\">\n\n                                        <tbody>\n                                           \n                                            <tr class=\"cart_item\">\n                                                <td class=\"product-name\"><a href=\"#\">Y\u00fczme Havuzu<\/a><\/td>\n                                                <td class=\"product-name\"><span class=\"amount\">Tatl\u0131 su 80<sup>m2<\/sup> derinlik 140 cm.<\/span><\/td>\n\t\t\t\t\t\t\t\t\t\t\t<\/tr>\n\t\t\t\t\t\t\t\t\t\t\t\n                                            <tr class=\"cart_item\">\n                                                <td class=\"product-name\"><a href=\"#\">\u00c7ocuk Y\u00fczme Havuzu<\/a><\/td>\n<td class=\"product-name\"><span class=\"amount\">Tatl\u0131 Su, <sup>5m2<\/sup>, Derinlik 40 cm.<\/span><\/td>\n\t\t\t\t\t\t\t\t\t\t\t<\/tr>\n\n                                            <tr class=\"cart_item\">\n                                                <td class=\"product-name\"><a href=\"#\">\u00dccretsiz Etkinlikler<\/a><\/td>\n                                                <td class=\"product-name\"><span class=\"amount\">Masa tenisi, dart, t\u00fcm animasyon aktiviteleri.<\/span><\/td>\n\t\t\t\t\t\t\t\t\t\t\t<\/tr>\n\t\t\t\t\t\t\t\t\t\t\t\n                                            <tr class=\"cart_item\">\n                                                <td class=\"product-name\"><a href=\"#\">\u00dccretli Faaliyetler<\/a><\/td>\n                                                <td class=\"product-name\"><span class=\"amount\">Masaj, motorlu su sporlar\u0131.<\/span><\/td>\n\t\t\t\t\t\t\t\t\t\t\t<\/tr>\n                                        \n                                            <tr class=\"cart_item\">\n                                                <td class=\"product-name\"><a href=\"#\">\u00dccretsiz Hizmetler<\/a><\/td>\n<td class=\"product-name\"><span class=\"amount\">\u015eezlong, g\u00fcne\u015f \u015femsiyesi, minder, bebek yata\u011f\u0131, mama sandalyesi.<\/span><\/td>\n\t\t\t\t\t\t\t\t\t\t\t<\/tr>\n\t\t\t\t\t\t\t\t\t\t\t\n                                            <tr class=\"cart_item\">\n                                                <td class=\"product-name\"><a href=\"#\">\u00dccretli Hizmetler<\/a><\/td>\n<td class=\"product-name\"><span class=\"amount\">T\u00fcm yerli ve yabanc\u0131 i\u00e7ecekler, t\u00fcm \u015fi\u015feli i\u00e7ecekler, taze portakal suyu, \u00e7ama\u015f\u0131rhane, kuru temizleme, telefon, telefaks, fotokopi, internet, sa\u011fl\u0131k hizmetleri, araba kiralama, Al\u0131\u015fveri\u015f Merkezi..<\/span><\/td>\n\t\t\t\t\t\t\t\t\t\t\t<\/tr>\n\n                                            <tr class=\"cart_item\">\n                                                <td class=\"product-name\"><a href=\"#\">E\u011flence ve Animasyon<\/a><\/td>\n<td class=\"product-name\"><span class=\"amount\">Yo\u011funlu\u011fa g\u00f6re Haftada 2 g\u00fcn, 21:00 \u2013 24:00 aras\u0131 Turk gecesi animasyonlar\u0131 vb.<\/span><\/td>\n\t\t\t\t\t\t\t\t\t\t\t<\/tr>\n\t\t\t\t\t\t\t\t\t\t\t\n                                        <\/tbody>\n                                    <\/table>\t\t\t\t\t\t\t\t<\/div>\n\t\t\t\t<\/div>\n\t\t\t\t\t<\/div>\n\t\t\t\t<\/div>\n\t\t\t\t\t<\/div>\n\t\t<\/div>\n\t\t\t\t\t<\/div>\n\t\t<\/section>\n\t\t<div class=\"elementor-element elementor-element-c299e4d e-flex e-con-boxed e-con e-parent\" data-id=\"c299e4d\" data-element_type=\"container\">\n\t\t\t\t\t<div class=\"e-con-inner\">\n\t\t\t\t<div class=\"elementor-element elementor-element-3906b82 elementor-widget elementor-widget-image-gallery\" data-id=\"3906b82\" data-element_type=\"widget\" data-widget_type=\"image-gallery.default\">\n\t\t\t\t<div class=\"elementor-widget-container\">\n\t\t\t\t\t\t\t<div class=\"elementor-image-gallery\">\n\t\t\t\n\t\t<style type=\"text\/css\">\n\t\t\t#gallery-1 {\n\t\t\t\tmargin: auto;\n\t\t\t}\n\t\t\t#gallery-1 .gallery-item {\n\t\t\t\tfloat: left;\n\t\t\t\tmargin-top: 10px;\n\t\t\t\ttext-align: center;\n\t\t\t\twidth: 25%;\n\t\t\t}\n\t\t\t#gallery-1 img {\n\t\t\t\tborder: 2px solid #cfcfcf;\n\t\t\t}\n\t\t\t#gallery-1 .gallery-caption {\n\t\t\t\tmargin-left: 0;\n\t\t\t}\n\t\t\t\/* see gallery_shortcode() in wp-includes\/media.php *\/\n\t\t<\/style>\n\t\t<div id='gallery-1' class='gallery galleryid-2503 gallery-columns-4 gallery-size-medium'><dl class='gallery-item'>\n\t\t\t<dt class='gallery-icon landscape'>\n\t\t\t\t<a data-elementor-open-lightbox=\"yes\" data-elementor-lightbox-slideshow=\"3906b82\" data-elementor-lightbox-title=\"old-05\" data-e-action-hash=\"#elementor-action%3Aaction%3Dlightbox%26settings%3DeyJpZCI6MjI4MCwidXJsIjoiaHR0cHM6XC9cL2xlZGFiZWFjaGhvdGVsLmNvbVwvd3AtY29udGVudFwvdXBsb2Fkc1wvMjAyNVwvMDdcL29sZC0wNS5qcGciLCJzbGlkZXNob3ciOiIzOTA2YjgyIn0%3D\" href='https:\/\/ledabeachhotel.com\/wp-content\/uploads\/2025\/07\/old-05.jpg'><img fetchpriority=\"high\" decoding=\"async\" width=\"300\" height=\"200\" src=\"https:\/\/ledabeachhotel.com\/wp-content\/uploads\/2025\/07\/old-05-300x200.jpg\" class=\"attachment-medium size-medium\" alt=\"\" srcset=\"https:\/\/ledabeachhotel.com\/wp-content\/uploads\/2025\/07\/old-05-300x200.jpg 300w, https:\/\/ledabeachhotel.com\/wp-content\/uploads\/2025\/07\/old-05-768x512.jpg 768w, https:\/\/ledabeachhotel.com\/wp-content\/uploads\/2025\/07\/old-05.jpg 980w\" sizes=\"(max-width: 300px) 100vw, 300px\" \/><\/a>\n\t\t\t<\/dt><\/dl><dl class='gallery-item'>\n\t\t\t<dt class='gallery-icon landscape'>\n\t\t\t\t<a data-elementor-open-lightbox=\"yes\" data-elementor-lightbox-slideshow=\"3906b82\" data-elementor-lightbox-title=\"old-16\" data-e-action-hash=\"#elementor-action%3Aaction%3Dlightbox%26settings%3DeyJpZCI6MjI4MiwidXJsIjoiaHR0cHM6XC9cL2xlZGFiZWFjaGhvdGVsLmNvbVwvd3AtY29udGVudFwvdXBsb2Fkc1wvMjAyNVwvMDdcL29sZC0xNi5qcGciLCJzbGlkZXNob3ciOiIzOTA2YjgyIn0%3D\" href='https:\/\/ledabeachhotel.com\/wp-content\/uploads\/2025\/07\/old-16.jpg'><img decoding=\"async\" width=\"300\" height=\"199\" src=\"https:\/\/ledabeachhotel.com\/wp-content\/uploads\/2025\/07\/old-16-300x199.jpg\" class=\"attachment-medium size-medium\" alt=\"\" srcset=\"https:\/\/ledabeachhotel.com\/wp-content\/uploads\/2025\/07\/old-16-300x199.jpg 300w, https:\/\/ledabeachhotel.com\/wp-content\/uploads\/2025\/07\/old-16-768x510.jpg 768w, https:\/\/ledabeachhotel.com\/wp-content\/uploads\/2025\/07\/old-16.jpg 980w\" sizes=\"(max-width: 300px) 100vw, 300px\" \/><\/a>\n\t\t\t<\/dt><\/dl><dl class='gallery-item'>\n\t\t\t<dt class='gallery-icon landscape'>\n\t\t\t\t<a data-elementor-open-lightbox=\"yes\" data-elementor-lightbox-slideshow=\"3906b82\" data-elementor-lightbox-title=\"old-03\" data-e-action-hash=\"#elementor-action%3Aaction%3Dlightbox%26settings%3DeyJpZCI6MjI3NiwidXJsIjoiaHR0cHM6XC9cL2xlZGFiZWFjaGhvdGVsLmNvbVwvd3AtY29udGVudFwvdXBsb2Fkc1wvMjAyNVwvMDdcL29sZC0wMy5qcGciLCJzbGlkZXNob3ciOiIzOTA2YjgyIn0%3D\" href='https:\/\/ledabeachhotel.com\/wp-content\/uploads\/2025\/07\/old-03.jpg'><img decoding=\"async\" width=\"300\" height=\"200\" src=\"https:\/\/ledabeachhotel.com\/wp-content\/uploads\/2025\/07\/old-03-300x200.jpg\" class=\"attachment-medium size-medium\" alt=\"\" srcset=\"https:\/\/ledabeachhotel.com\/wp-content\/uploads\/2025\/07\/old-03-300x200.jpg 300w, https:\/\/ledabeachhotel.com\/wp-content\/uploads\/2025\/07\/old-03-768x512.jpg 768w, https:\/\/ledabeachhotel.com\/wp-content\/uploads\/2025\/07\/old-03.jpg 980w\" sizes=\"(max-width: 300px) 100vw, 300px\" \/><\/a>\n\t\t\t<\/dt><\/dl><dl class='gallery-item'>\n\t\t\t<dt class='gallery-icon landscape'>\n\t\t\t\t<a data-elementor-open-lightbox=\"yes\" data-elementor-lightbox-slideshow=\"3906b82\" data-elementor-lightbox-title=\"old-04\" data-e-action-hash=\"#elementor-action%3Aaction%3Dlightbox%26settings%3DeyJpZCI6MjI3OCwidXJsIjoiaHR0cHM6XC9cL2xlZGFiZWFjaGhvdGVsLmNvbVwvd3AtY29udGVudFwvdXBsb2Fkc1wvMjAyNVwvMDdcL29sZC0wNC5qcGciLCJzbGlkZXNob3ciOiIzOTA2YjgyIn0%3D\" href='https:\/\/ledabeachhotel.com\/wp-content\/uploads\/2025\/07\/old-04.jpg'><img loading=\"lazy\" decoding=\"async\" width=\"300\" height=\"189\" src=\"https:\/\/ledabeachhotel.com\/wp-content\/uploads\/2025\/07\/old-04-300x189.jpg\" class=\"attachment-medium size-medium\" alt=\"\" srcset=\"https:\/\/ledabeachhotel.com\/wp-content\/uploads\/2025\/07\/old-04-300x189.jpg 300w, https:\/\/ledabeachhotel.com\/wp-content\/uploads\/2025\/07\/old-04-768x484.jpg 768w, https:\/\/ledabeachhotel.com\/wp-content\/uploads\/2025\/07\/old-04.jpg 980w\" sizes=\"(max-width: 300px) 100vw, 300px\" \/><\/a>\n\t\t\t<\/dt><\/dl><br style=\"clear: both\" \/><dl class='gallery-item'>\n\t\t\t<dt class='gallery-icon landscape'>\n\t\t\t\t<a data-elementor-open-lightbox=\"yes\" data-elementor-lightbox-slideshow=\"3906b82\" data-elementor-lightbox-title=\"old-17\" data-e-action-hash=\"#elementor-action%3Aaction%3Dlightbox%26settings%3DeyJpZCI6MjI4NCwidXJsIjoiaHR0cHM6XC9cL2xlZGFiZWFjaGhvdGVsLmNvbVwvd3AtY29udGVudFwvdXBsb2Fkc1wvMjAyNVwvMDdcL29sZC0xNy5qcGciLCJzbGlkZXNob3ciOiIzOTA2YjgyIn0%3D\" href='https:\/\/ledabeachhotel.com\/wp-content\/uploads\/2025\/07\/old-17.jpg'><img loading=\"lazy\" decoding=\"async\" width=\"300\" height=\"199\" src=\"https:\/\/ledabeachhotel.com\/wp-content\/uploads\/2025\/07\/old-17-300x199.jpg\" class=\"attachment-medium size-medium\" alt=\"\" srcset=\"https:\/\/ledabeachhotel.com\/wp-content\/uploads\/2025\/07\/old-17-300x199.jpg 300w, https:\/\/ledabeachhotel.com\/wp-content\/uploads\/2025\/07\/old-17-768x510.jpg 768w, https:\/\/ledabeachhotel.com\/wp-content\/uploads\/2025\/07\/old-17.jpg 980w\" sizes=\"(max-width: 300px) 100vw, 300px\" \/><\/a>\n\t\t\t<\/dt><\/dl><dl class='gallery-item'>\n\t\t\t<dt class='gallery-icon landscape'>\n\t\t\t\t<a data-elementor-open-lightbox=\"yes\" data-elementor-lightbox-slideshow=\"3906b82\" data-elementor-lightbox-title=\"activities-12\" data-e-action-hash=\"#elementor-action%3Aaction%3Dlightbox%26settings%3DeyJpZCI6MjI3NCwidXJsIjoiaHR0cHM6XC9cL2xlZGFiZWFjaGhvdGVsLmNvbVwvd3AtY29udGVudFwvdXBsb2Fkc1wvMjAyNVwvMDdcL2FjdGl2aXRpZXMtMTIuanBnIiwic2xpZGVzaG93IjoiMzkwNmI4MiJ9\" href='https:\/\/ledabeachhotel.com\/wp-content\/uploads\/2025\/07\/activities-12.jpg'><img loading=\"lazy\" decoding=\"async\" width=\"300\" height=\"195\" src=\"https:\/\/ledabeachhotel.com\/wp-content\/uploads\/2025\/07\/activities-12-300x195.jpg\" class=\"attachment-medium size-medium\" alt=\"\" srcset=\"https:\/\/ledabeachhotel.com\/wp-content\/uploads\/2025\/07\/activities-12-300x195.jpg 300w, https:\/\/ledabeachhotel.com\/wp-content\/uploads\/2025\/07\/activities-12-768x498.jpg 768w, https:\/\/ledabeachhotel.com\/wp-content\/uploads\/2025\/07\/activities-12.jpg 980w\" sizes=\"(max-width: 300px) 100vw, 300px\" \/><\/a>\n\t\t\t<\/dt><\/dl><dl class='gallery-item'>\n\t\t\t<dt class='gallery-icon landscape'>\n\t\t\t\t<a data-elementor-open-lightbox=\"yes\" data-elementor-lightbox-slideshow=\"3906b82\" data-elementor-lightbox-title=\"IMG_5346\" data-e-action-hash=\"#elementor-action%3Aaction%3Dlightbox%26settings%3DeyJpZCI6Mjk4NSwidXJsIjoiaHR0cHM6XC9cL2xlZGFiZWFjaGhvdGVsLmNvbVwvd3AtY29udGVudFwvdXBsb2Fkc1wvMjAyNVwvMTFcL0lNR181MzQ2LmpwZyIsInNsaWRlc2hvdyI6IjM5MDZiODIifQ%3D%3D\" href='https:\/\/ledabeachhotel.com\/wp-content\/uploads\/2025\/11\/IMG_5346.jpg'><img loading=\"lazy\" decoding=\"async\" width=\"300\" height=\"200\" src=\"https:\/\/ledabeachhotel.com\/wp-content\/uploads\/2025\/11\/IMG_5346-300x200.jpg\" class=\"attachment-medium size-medium\" alt=\"\" srcset=\"https:\/\/ledabeachhotel.com\/wp-content\/uploads\/2025\/11\/IMG_5346-300x200.jpg 300w, https:\/\/ledabeachhotel.com\/wp-content\/uploads\/2025\/11\/IMG_5346-1024x683.jpg 1024w, https:\/\/ledabeachhotel.com\/wp-content\/uploads\/2025\/11\/IMG_5346-768x512.jpg 768w, https:\/\/ledabeachhotel.com\/wp-content\/uploads\/2025\/11\/IMG_5346.jpg 1200w\" sizes=\"(max-width: 300px) 100vw, 300px\" \/><\/a>\n\t\t\t<\/dt><\/dl><dl class='gallery-item'>\n\t\t\t<dt class='gallery-icon landscape'>\n\t\t\t\t<a data-elementor-open-lightbox=\"yes\" data-elementor-lightbox-slideshow=\"3906b82\" data-elementor-lightbox-title=\"IMG_5388\" data-e-action-hash=\"#elementor-action%3Aaction%3Dlightbox%26settings%3DeyJpZCI6Mjk5NywidXJsIjoiaHR0cHM6XC9cL2xlZGFiZWFjaGhvdGVsLmNvbVwvd3AtY29udGVudFwvdXBsb2Fkc1wvMjAyNVwvMTFcL0lNR181Mzg4LmpwZyIsInNsaWRlc2hvdyI6IjM5MDZiODIifQ%3D%3D\" href='https:\/\/ledabeachhotel.com\/wp-content\/uploads\/2025\/11\/IMG_5388.jpg'><img loading=\"lazy\" decoding=\"async\" width=\"300\" height=\"200\" src=\"https:\/\/ledabeachhotel.com\/wp-content\/uploads\/2025\/11\/IMG_5388-300x200.jpg\" class=\"attachment-medium size-medium\" alt=\"\" srcset=\"https:\/\/ledabeachhotel.com\/wp-content\/uploads\/2025\/11\/IMG_5388-300x200.jpg 300w, https:\/\/ledabeachhotel.com\/wp-content\/uploads\/2025\/11\/IMG_5388-1024x683.jpg 1024w, https:\/\/ledabeachhotel.com\/wp-content\/uploads\/2025\/11\/IMG_5388-768x512.jpg 768w, https:\/\/ledabeachhotel.com\/wp-content\/uploads\/2025\/11\/IMG_5388.jpg 1200w\" sizes=\"(max-width: 300px) 100vw, 300px\" \/><\/a>\n\t\t\t<\/dt><\/dl><br style=\"clear: both\" \/>\n\t\t<\/div>\n\t\t<\/div>\n\t\t\t\t\t\t<\/div>\n\t\t\t\t<\/div>\n\t\t\t\t\t<\/div>\n\t\t\t\t<\/div>\n\t\t\t\t<\/div>\n\t\t","protected":false},"excerpt":{"rendered":"<p>Aktiviteler Ana Sayfa Aktiviteler Aktiviteler Y\u00fczme Havuzu Tatl\u0131 su 80m2 derinlik 140 cm. \u00c7ocuk Y\u00fczme Havuzu Tatl\u0131 Su, 5m2, Derinlik 40 cm. \u00dccretsiz Etkinlikler Masa tenisi, dart, t\u00fcm animasyon aktiviteleri. \u00dccretli Faaliyetler Masaj, motorlu su sporlar\u0131. \u00dccretsiz Hizmetler \u015eezlong, g\u00fcne\u015f \u015femsiyesi, minder, bebek yata\u011f\u0131, mama sandalyesi. \u00dccretli Hizmetler T\u00fcm yerli ve yabanc\u0131 i\u00e7ecekler, t\u00fcm \u015fi\u015feli [&hellip;]<\/p>\n","protected":false},"author":1,"featured_media":0,"parent":0,"menu_order":0,"comment_status":"closed","ping_status":"closed","template":"page-templates\/home.php","meta":{"inline_featured_image":false,"footnotes":""},"class_list":["post-2503","page","type-page","status-publish","hentry"],"_links":{"self":[{"href":"https:\/\/ledabeachhotel.com\/tr\/wp-json\/wp\/v2\/pages\/2503","targetHints":{"allow":["GET"]}}],"collection":[{"href":"https:\/\/ledabeachhotel.com\/tr\/wp-json\/wp\/v2\/pages"}],"about":[{"href":"https:\/\/ledabeachhotel.com\/tr\/wp-json\/wp\/v2\/types\/page"}],"author":[{"embeddable":true,"href":"https:\/\/ledabeachhotel.com\/tr\/wp-json\/wp\/v2\/users\/1"}],"replies":[{"embeddable":true,"href":"https:\/\/ledabeachhotel.com\/tr\/wp-json\/wp\/v2\/comments?post=2503"}],"version-history":[{"count":13,"href":"https:\/\/ledabeachhotel.com\/tr\/wp-json\/wp\/v2\/pages\/2503\/revisions"}],"predecessor-version":[{"id":3079,"href":"https:\/\/ledabeachhotel.com\/tr\/wp-json\/wp\/v2\/pages\/2503\/revisions\/3079"}],"wp:attachment":[{"href":"https:\/\/ledabeachhotel.com\/tr\/wp-json\/wp\/v2\/media?parent=2503"}],"curies":[{"name":"wp","href":"https:\/\/api.w.org\/{rel}","templated":true}]}}