{"id":2612,"date":"2018-09-17T09:02:53","date_gmt":"2018-09-17T06:02:53","guid":{"rendered":"https:\/\/77.245.159.40\/~ledabeachhotel\/lage\/"},"modified":"2025-08-01T14:05:05","modified_gmt":"2025-08-01T11:05:05","slug":"lage","status":"publish","type":"page","link":"https:\/\/ledabeachhotel.com\/de\/lage\/","title":{"rendered":"Lage"},"content":{"rendered":"\t\t<div data-elementor-type=\"wp-page\" data-elementor-id=\"2612\" class=\"elementor elementor-2612 elementor-356\" data-elementor-post-type=\"page\">\n\t\t\t\t\t\t<section class=\"elementor-section elementor-top-section elementor-element elementor-element-fa0d078 elementor-section-full_width elementor-section-height-default elementor-section-height-default\" data-id=\"fa0d078\" data-element_type=\"section\">\n\t\t\t\t\t\t<div class=\"elementor-container elementor-column-gap-no\">\n\t\t\t\t\t<div class=\"elementor-column elementor-col-100 elementor-top-column elementor-element elementor-element-edb7df7\" data-id=\"edb7df7\" data-element_type=\"column\">\n\t\t\t<div class=\"elementor-widget-wrap elementor-element-populated\">\n\t\t\t\t\t\t<div class=\"elementor-element elementor-element-8f23b89 elementor-align-left elementor-widget elementor-widget-pages-header\" data-id=\"8f23b89\" data-element_type=\"widget\" data-widget_type=\"pages-header.default\">\n\t\t\t\t<div class=\"elementor-widget-container\">\n\t\t\t\t\t\r\n\t\t\t\t<section class=\"breadcrumb_area\" style=\"background: url(https:\/\/ledabeachhotel.com\/wp-content\/uploads\/2025\/07\/header-bg-contact.jpg) no-repeat scroll center;\r\n    \tbackground-size: cover;\">\r\n    \t        \t<div class=\"container\">\r\n        \t\t<div class=\"breadcrumb_text\">\r\n        \t\t\t        \t\t\t<h2>Lage<\/h2>\r\n        \t\t\t        \t\t\t<div class=\"link\">\r\n        \t\t\t\t        \t\t\t\t<a class=\"active\" href=\"https:\/\/ledabeachhotel.com\/de\/\">Home<\/a>\r\n        \t\t\t\t        \t\t\t\t        \t\t\t\t<a href=\"#\">Lage<\/a>\r\n        \t\t\t\t        \t\t\t<\/div>\r\n        \t\t<\/div>\r\n        \t<\/div>\r\n        <\/section>\r\n\r\n\t\t\t\t\t<\/div>\n\t\t\t\t<\/div>\n\t\t\t\t\t<\/div>\n\t\t<\/div>\n\t\t\t\t\t<\/div>\n\t\t<\/section>\n\t\t<div class=\"elementor-element elementor-element-bea583e e-flex e-con-boxed e-con e-parent\" data-id=\"bea583e\" data-element_type=\"container\">\n\t\t\t\t\t<div class=\"e-con-inner\">\n\t\t<div class=\"elementor-element elementor-element-52f5a16 e-con-full e-flex e-con e-child\" data-id=\"52f5a16\" data-element_type=\"container\">\n\t\t\t\t<div class=\"elementor-element elementor-element-218bd85 elementor-widget elementor-widget-google_maps\" data-id=\"218bd85\" data-element_type=\"widget\" data-widget_type=\"google_maps.default\">\n\t\t\t\t<div class=\"elementor-widget-container\">\n\t\t\t\t\t\t\t<div class=\"elementor-custom-embed\">\n\t\t\t<iframe loading=\"lazy\"\n\t\t\t\t\tsrc=\"https:\/\/maps.google.com\/maps?q=Leda%20Beach%20Hotel&#038;t=m&#038;z=12&#038;output=embed&#038;iwloc=near\"\n\t\t\t\t\ttitle=\"Leda Beach Hotel\"\n\t\t\t\t\taria-label=\"Leda Beach Hotel\"\n\t\t\t><\/iframe>\n\t\t<\/div>\n\t\t\t\t\t\t<\/div>\n\t\t\t\t<\/div>\n\t\t\t\t<\/div>\n\t\t\t\t\t<\/div>\n\t\t\t\t<\/div>\n\t\t\t\t<section class=\"elementor-section elementor-top-section elementor-element elementor-element-9562927 elementor-section-full_width elementor-section-height-default elementor-section-height-default\" data-id=\"9562927\" data-element_type=\"section\">\n\t\t\t\t\t\t<div class=\"elementor-container elementor-column-gap-no\">\n\t\t\t\t\t<div class=\"elementor-column elementor-col-100 elementor-top-column elementor-element elementor-element-3a23544\" data-id=\"3a23544\" data-element_type=\"column\">\n\t\t\t<div class=\"elementor-widget-wrap elementor-element-populated\">\n\t\t\t\t\t\t<div class=\"elementor-element elementor-element-c175c52 elementor-align-left elementor-widget elementor-widget-home-5-about\" data-id=\"c175c52\" data-element_type=\"widget\" data-widget_type=\"home-5-about.default\">\n\t\t\t\t<div class=\"elementor-widget-container\">\n\t\t\t\t\t\r\n\t\t<section class=\"about_hotel_area p_100\">\r\n        \t<div class=\"container\">\r\n        \t\t<div class=\"row about_hotel_inner align-items-center d-flex\">\r\n        \t\t\t<div class=\"col-lg-8\">\r\n        \t\t\t\t<div class=\"ab_hotel_text\">\r\n        \t\t\t\t\t        \t\t\t\t\t<div class=\"main_title\">\r\n        \t\t\t\t\t\t<h2>Wo ist Side<\/h2>\r\n        \t\t\t\t\t<\/div>\r\n        \t\t\t\t\t        \t\t\t\t\t        \t\t\t\t\t<h5>Side liegt an der s\u00fcdlichen Mittelmeerk\u00fcste der T\u00fcrkei, nur 75 Kilometer von Antalya entfernt.<\/h5>\r\n        \t\t\t\t\t        \t\t\t\t\t        \t\t\t\t\tSide ist von Belek, dem wichtigsten Golfresort der T\u00fcrkei, und Manavgat mit den ber\u00fchmten Manavgat-Wasserf\u00e4llen leicht zu erreichen. Die K\u00fcste ist sandig, und idyllische D\u00f6rfer liegen nur f\u00fcnf bis zehn Autominuten landeinw\u00e4rts. Die Altstadt liegt auf einem felsigen Vorgebirge, das ins Meer ragt. Drei Kilometer goldener Sandstrand erstrecken sich zu beiden Seiten der Stadt. Der ruhige Strand f\u00e4llt sanft ab und eignet sich hervorragend zum Planschen. N\u00f6rdlich des Stadtzentrums befinden sich ein gro\u00dfes antikes Theater und ein Badehaus, in dem sich Antonius und Kleopatra einst trafen. Hinter dem Stadtzentrum erstrecken sich breite, gem\u00fctliche Stra\u00dfen, die das Wohnviertel von Side bilden, in dem sich Einheimische und Touristen gleicherma\u00dfen wohlf\u00fchlen.        \t\t\t\t\t        \t\t\t\t<\/div>\r\n        \t\t\t<\/div>\r\n        \t\t\t<div class=\"col-lg-4\">\r\n        \t\t\t\t        \t\t\t\t<div class=\"ab_hotel_img\">\r\n        \t\t\t\t\t<img decoding=\"async\" class=\"img-fluid\" src=\"https:\/\/ledabeachhotel.com\/wp-content\/uploads\/2025\/07\/side-turkey.jpg\" alt=\"\">\r\n        \t\t\t\t<\/div>\r\n        \t\t\t\t        \t\t\t<\/div>\r\n        \t\t<\/div>\r\n        \t<\/div>\r\n        <\/section>\r\n\r\n\t\t\t\t\t<\/div>\n\t\t\t\t<\/div>\n\t\t\t\t\t<\/div>\n\t\t<\/div>\n\t\t\t\t\t<\/div>\n\t\t<\/section>\n\t\t\t\t<section class=\"elementor-section elementor-top-section elementor-element elementor-element-be715ef elementor-section-full_width elementor-section-height-default elementor-section-height-default\" data-id=\"be715ef\" data-element_type=\"section\">\n\t\t\t\t\t\t<div class=\"elementor-container elementor-column-gap-no\">\n\t\t\t\t\t<div class=\"elementor-column elementor-col-100 elementor-top-column elementor-element elementor-element-b6100e6\" data-id=\"b6100e6\" data-element_type=\"column\">\n\t\t\t<div class=\"elementor-widget-wrap elementor-element-populated\">\n\t\t\t\t\t\t<div class=\"elementor-element elementor-element-22a848d elementor-align-left elementor-widget elementor-widget-pages-place\" data-id=\"22a848d\" data-element_type=\"widget\" data-widget_type=\"pages-place.default\">\n\t\t\t\t<div class=\"elementor-widget-container\">\n\t\t\t\t\t\r\n\t\t<section class=\"place_area p_100\">\r\n        \t<div class=\"container\">\r\n        \t\t<div class=\"row place_inner\">\r\n        \t\t\t<div class=\"col-lg-6\">\r\n        \t\t\t\t        \t\t\t\t<div class=\"place_text\">\r\n        \t\t\t\t\t<h6>Die gro\u00dfen Ruinen geh\u00f6ren zu den bemerkenswertesten in Kleinasien. Sie bedecken ein gro\u00dfes Vorgebirge, das durch eine Mauer und einen Graben vom Festland getrennt ist. Arch\u00e4ologen graben seit 1947 in Side und setzen dies mit Unterbrechungen fort.<\/h6>\r\n        \t\t\t\t<\/div>\r\n        \t\t\t\t        \t\t\t<\/div>\r\n        \t\t\t<div class=\"col-lg-6\">\r\n        \t\t\t\t        \t\t\t\t<div class=\"place_text\">\r\n        \t\t\t\t\tDer kolossale Theaterkomplex aus dem 2. Jahrhundert ist weniger gut erhalten als der von Aspendos, aber fast ebenso gro\u00df und bietet 15.000 bis 20.000 Zuschauern Platz. In byzantinischer Zeit (5. oder 6. Jahrhundert) wurde er in ein Freiluftheiligtum mit zwei Kapellen umgewandelt.\n\nDie gut erhaltene Stadtmauer erm\u00f6glicht den Zugang zur Anlage durch das hellenistische Haupttor (Megale Pyle) aus dem 2. Jahrhundert v. Chr.\n\nDie S\u00e4ulenstra\u00dfe besa\u00df Marmors\u00e4ulen, deren \u00dcberreste in der N\u00e4he der r\u00f6mischen B\u00e4der zu sehen sind, die als Museum mit Statuen und Sarkophagen aus der R\u00f6merzeit restauriert wurden. Die Agora beherbergt die \u00dcberreste des runden Tyche- und Fortuna-Tempels (2. Jahrhundert v. Chr.), der peripteral mit zw\u00f6lf S\u00e4ulen im Zentrum war. Sp\u00e4ter diente sie als Handelsplatz, an dem Piraten Sklaven verkauften.\n\nDer fr\u00fchr\u00f6mische Dionysos-Tempel befindet sich in der N\u00e4he des Theaters. Der Brunnen am Eingang ist restauriert. Auf der linken Seite befindet sich eine byzantinische Basilika.\n\nZu den weiteren Geb\u00e4uden geh\u00f6ren drei Tempel und ein Nymph\u00e4um, ein kunstvoll gestaltetes Grotten- bzw. Brunnengeb\u00e4ude sowie eine Synagoge, die unter einem modernen Wohnhaus entdeckt wurde.        \t\t\t\t<\/div>\r\n        \t\t\t\t        \t\t\t<\/div>\r\n        \t\t\t        \t\t\t<div class=\"col-sm-4\">\r\n        \t\t\t\t        \t\t\t\t<div class=\"place_img\"><img decoding=\"async\" class=\"img-fluid\" src=\"https:\/\/ledabeachhotel.com\/wp-content\/uploads\/2025\/07\/Side-Antalya-Turkey.jpg\" alt=\"\"><\/div>\r\n        \t\t\t\t        \t\t\t<\/div>\r\n        \t\t\t        \t\t\t<div class=\"col-sm-4\">\r\n        \t\t\t\t        \t\t\t\t<div class=\"place_img\"><img decoding=\"async\" class=\"img-fluid\" src=\"https:\/\/ledabeachhotel.com\/wp-content\/uploads\/2025\/07\/manavgat-selalesi-01.jpg\" alt=\"\"><\/div>\r\n        \t\t\t\t        \t\t\t<\/div>\r\n        \t\t\t        \t\t\t<div class=\"col-sm-4\">\r\n        \t\t\t\t        \t\t\t\t<div class=\"place_img\"><img decoding=\"async\" class=\"img-fluid\" src=\"https:\/\/ledabeachhotel.com\/wp-content\/uploads\/2025\/07\/aspendos.jpg\" alt=\"\"><\/div>\r\n        \t\t\t\t        \t\t\t<\/div>\r\n        \t\t\t        \t\t<\/div>\r\n        \t<\/div>\r\n        <\/section>\r\n\r\n\t\t\t\t\t<\/div>\n\t\t\t\t<\/div>\n\t\t<div class=\"elementor-element elementor-element-af60a04 e-flex e-con-boxed e-con e-parent\" data-id=\"af60a04\" data-element_type=\"container\">\n\t\t\t\t\t<div class=\"e-con-inner\">\n\t\t<div class=\"elementor-element elementor-element-dcf8d88 e-con-full e-flex e-con e-child\" data-id=\"dcf8d88\" data-element_type=\"container\">\n\t\t\t\t<div class=\"elementor-element elementor-element-d9dd1c6 elementor-widget elementor-widget-text-editor\" data-id=\"d9dd1c6\" data-element_type=\"widget\" data-widget_type=\"text-editor.default\">\n\t\t\t\t<div class=\"elementor-widget-container\">\n\t\t\t\t\t\t\t\t\t<table class=\"table table-bordered shop_table cart\"><tbody><tr class=\"cart_item\"><td class=\"product-name\"><a href=\"#\">Flughafen<\/a><\/td><td class=\"product-name\"><span class=\"amount\">Antalya (65 km.)<\/span><\/td><\/tr><tr class=\"cart_item\"><td class=\"product-name\"><a href=\"https:\/\/ledabeachhotel.com\/2018\/DE\/location.asp#\">N\u00e4chste Ortschaft<\/a><\/td><td class=\"product-name\"><span class=\"amount\">Side (100 m.) Manavgat (8 km.)<\/span><\/td><\/tr><tr class=\"cart_item\"><td class=\"product-name\"><a href=\"https:\/\/ledabeachhotel.com\/2018\/DE\/location.asp#\">N\u00e4chste Stadt<\/a><\/td><td class=\"product-name\"><span class=\"amount\">Antalya (75 km.)<\/span><\/td><\/tr><tr class=\"cart_item\"><td class=\"product-name\"><a href=\"https:\/\/ledabeachhotel.com\/2018\/DE\/location.asp#\">Krankenhaus<\/a><\/td><td class=\"product-name\"><span class=\"amount\">Side (300 m.)<\/span><\/td><\/tr><tr class=\"cart_item\"><td class=\"product-name\"><a href=\"https:\/\/ledabeachhotel.com\/2018\/DE\/location.asp#\">Verkehrsverbindung<\/a><\/td><td class=\"product-name\"><span class=\"amount\">Von dem zum Hotel nur 200 m entfernten Busbahnhof aus fahren alle 20 Minuten Sammelb\u00fcsse nach Manavgat und nach Antalya.<\/span><\/td><\/tr><tr class=\"cart_item\"><td class=\"product-name\"><a href=\"#\">Taxi<\/a><\/td><td class=\"product-name\">Vor dem Hotel bvefindet sich ein Taxistand, welcher 24 Stunden dienst leistet.<\/td><\/tr><\/tbody><\/table>\t\t\t\t\t\t\t\t<\/div>\n\t\t\t\t<\/div>\n\t\t\t\t<\/div>\n\t\t\t\t\t<\/div>\n\t\t\t\t<\/div>\n\t\t\t\t\t<\/div>\n\t\t<\/div>\n\t\t\t\t\t<\/div>\n\t\t<\/section>\n\t\t\t\t<\/div>\n\t\t","protected":false},"excerpt":{"rendered":"<p>Lage Home Lage Wo ist Side Side liegt an der s\u00fcdlichen Mittelmeerk\u00fcste der T\u00fcrkei, nur 75 Kilometer von Antalya entfernt. Side ist von Belek, dem wichtigsten Golfresort der T\u00fcrkei, und Manavgat mit den ber\u00fchmten Manavgat-Wasserf\u00e4llen leicht zu erreichen. Die K\u00fcste ist sandig, und idyllische D\u00f6rfer liegen nur f\u00fcnf bis zehn Autominuten landeinw\u00e4rts. Die Altstadt liegt [&hellip;]<\/p>\n","protected":false},"author":1,"featured_media":0,"parent":0,"menu_order":0,"comment_status":"closed","ping_status":"closed","template":"page-templates\/home.php","meta":{"inline_featured_image":false,"footnotes":""},"class_list":["post-2612","page","type-page","status-publish","hentry"],"_links":{"self":[{"href":"https:\/\/ledabeachhotel.com\/de\/wp-json\/wp\/v2\/pages\/2612","targetHints":{"allow":["GET"]}}],"collection":[{"href":"https:\/\/ledabeachhotel.com\/de\/wp-json\/wp\/v2\/pages"}],"about":[{"href":"https:\/\/ledabeachhotel.com\/de\/wp-json\/wp\/v2\/types\/page"}],"author":[{"embeddable":true,"href":"https:\/\/ledabeachhotel.com\/de\/wp-json\/wp\/v2\/users\/1"}],"replies":[{"embeddable":true,"href":"https:\/\/ledabeachhotel.com\/de\/wp-json\/wp\/v2\/comments?post=2612"}],"version-history":[{"count":13,"href":"https:\/\/ledabeachhotel.com\/de\/wp-json\/wp\/v2\/pages\/2612\/revisions"}],"predecessor-version":[{"id":2936,"href":"https:\/\/ledabeachhotel.com\/de\/wp-json\/wp\/v2\/pages\/2612\/revisions\/2936"}],"wp:attachment":[{"href":"https:\/\/ledabeachhotel.com\/de\/wp-json\/wp\/v2\/media?parent=2612"}],"curies":[{"name":"wp","href":"https:\/\/api.w.org\/{rel}","templated":true}]}}